{"id":582,"date":"2021-02-27T17:06:28","date_gmt":"2021-02-27T17:06:28","guid":{"rendered":"http:\/\/dominlyon.com\/?page_id=582"},"modified":"2025-01-01T20:15:36","modified_gmt":"2025-01-01T18:15:36","slug":"tarifs","status":"publish","type":"page","link":"https:\/\/dominlyon.com\/index.php\/tarifs\/","title":{"rendered":"Tarifs"},"content":{"rendered":"<h1 align=\"CENTER\"><b>Tarifs<\/b><\/h1>\n<h2><b>Tirages d&rsquo;art<\/b><\/h2>\n<p>Toutes les photographies pr\u00e9sent\u00e9es sur ce site ainsi que sur la page Facebook sont disponibles \u00e0 la vente. Les impressions sont r\u00e9alis\u00e9es \u00e0 Lyon dans un laboratoire professionnel.<\/p>\n<p>Tirage limit\u00e9 \u00e0 10 exemplaires num\u00e9rot\u00e9s et sign\u00e9s. Prix suivant format et support\u00a0:<\/p>\n<ul>\n<li>50 \u20ac pour un tirage 30 x 20 sur papier d&rsquo;art (Canson, Baryt\u00e9&#8230; suivant la photo choisie)<\/li>\n<li>150 \u20ac pour un tirage 60 x 40 sur aluminium Dibond<\/li>\n<li>130 \u20ac pour un tirage 45 x 30 Plaquimage (tirage sur papier qui est ensuite\u00a0 contrecoll\u00e9 sur un support bois puis vernis \u00e0 chaud )<\/li>\n<li>220 \u20ac pour un tirage 90 x 60 sur aluminium Dibond<\/li>\n<\/ul>\n<p>Autres formats \/ supports sur demande.<\/p>\n<h2><b>S\u00e9ance portrait<\/b><\/h2>\n<p>R\u00e9v\u00e9ler la personnalit\u00e9 dans un portrait classique professionnel ou d\u00e9contract\u00e9 pour les r\u00e9seaux sociaux.<\/p>\n<p>DomIn Lyon r\u00e9alise vos portraits en studio, en ext\u00e9rieur ou \u00e0 domicile. Pour une s\u00e9ance plus artistique, il est \u00e9galement possible de cr\u00e9er un univers et une mise en sc\u00e8ne autour d&rsquo;une th\u00e9matique de votre choix (nature, ville, couple, boudoir&#8230;)<\/p>\n<p>Prix \u00e0 partir de 130 \u20ac pour 1h de prise de vue et 10 photos haute d\u00e9finition en format num\u00e9rique.<\/p>\n<p>En suppl\u00e9ment, possibilit\u00e9 de faire intervenir une maquilleuse professionnelle.<\/p>\n<h2><b>Entreprise<\/b><\/h2>\n<p>Assurer la promotion d&rsquo;une entreprise ou de ses produits n\u00e9cessite des images de qualit\u00e9 mettant en valeur les personnes et leurs savoir-faire. DomIn Lyon peut saisir les gestes professionnels et mettre en valeur le m\u00e9tier en toute discr\u00e9tion.<\/p>\n<p>Possibilit\u00e9 \u00e9galement de d\u00e9placer un studio mobile pour r\u00e9aliser des portraits de dirigeants ou de collaborateurs.<\/p>\n<p>Prix \u00e0 partir de 780 \u20ac pour une journ\u00e9e de prise de vue et 80 photos en format num\u00e9rique.<\/p>\n<h2><b>Spectacles \/ Ev\u00e9nements<\/b><\/h2>\n<p>DomIn Lyon peut intervenir en amont lors de r\u00e9p\u00e9titions pour cr\u00e9er les images promotionnelles du spectacle ou immortaliser les repr\u00e9sentations publiques.<\/p>\n<p>Prix \u00e0 partir de 280 \u20ac pour 2h de spectacle et 40 photos en format num\u00e9rique.<\/p>\n<p>Pour une meilleure qualit\u00e9, l&rsquo;utilisation d&rsquo;un flash est souhaitable, par exemple lors d&rsquo;une r\u00e9p\u00e9tition g\u00e9n\u00e9rale sans public.<\/p>\n\n\n<p><\/p>\n","protected":false},"excerpt":{"rendered":"<p>Tarifs Tirages d&rsquo;art Toutes les photographies pr\u00e9sent\u00e9es sur ce site ainsi que sur la page Facebook sont disponibles \u00e0 la vente. Les impressions sont r\u00e9alis\u00e9es \u00e0 Lyon dans un laboratoire professionnel. Tirage limit\u00e9 \u00e0 10 exemplaires num\u00e9rot\u00e9s et sign\u00e9s. Prix suivant format et support\u00a0: 50 \u20ac pour un tirage 30 x 20 sur papier d&rsquo;art [&hellip;]<\/p>\n","protected":false},"author":1,"featured_media":0,"parent":0,"menu_order":0,"comment_status":"closed","ping_status":"closed","template":"","meta":{"site-sidebar-layout":"no-sidebar","site-content-layout":"boxed-container","ast-site-content-layout":"normal-width-container","site-content-style":"boxed","site-sidebar-style":"boxed","ast-global-header-display":"","ast-banner-title-visibility":"","ast-main-header-display":"","ast-hfb-above-header-display":"","ast-hfb-below-header-display":"","ast-hfb-mobile-header-display":"","site-post-title":"disabled","ast-breadcrumbs-content":"","ast-featured-img":"disabled","footer-sml-layout":"","theme-transparent-header-meta":"default","adv-header-id-meta":"","stick-header-meta":"","header-above-stick-meta":"","header-main-stick-meta":"","header-below-stick-meta":"","astra-migrate-meta-layouts":"set","ast-page-background-enabled":"default","ast-page-background-meta":{"desktop":{"background-color":"","background-image":"","background-repeat":"repeat","background-position":"center center","background-size":"auto","background-attachment":"scroll","background-type":"","background-media":"","overlay-type":"","overlay-color":"","overlay-opacity":"","overlay-gradient":""},"tablet":{"background-color":"","background-image":"","background-repeat":"repeat","background-position":"center center","background-size":"auto","background-attachment":"scroll","background-type":"","background-media":"","overlay-type":"","overlay-color":"","overlay-opacity":"","overlay-gradient":""},"mobile":{"background-color":"","background-image":"","background-repeat":"repeat","background-position":"center center","background-size":"auto","background-attachment":"scroll","background-type":"","background-media":"","overlay-type":"","overlay-color":"","overlay-opacity":"","overlay-gradient":""}},"ast-content-background-meta":{"desktop":{"background-color":"var(--ast-global-color-5)","background-image":"","background-repeat":"repeat","background-position":"center center","background-size":"auto","background-attachment":"scroll","background-type":"","background-media":"","overlay-type":"","overlay-color":"","overlay-opacity":"","overlay-gradient":""},"tablet":{"background-color":"var(--ast-global-color-5)","background-image":"","background-repeat":"repeat","background-position":"center center","background-size":"auto","background-attachment":"scroll","background-type":"","background-media":"","overlay-type":"","overlay-color":"","overlay-opacity":"","overlay-gradient":""},"mobile":{"background-color":"var(--ast-global-color-5)","background-image":"","background-repeat":"repeat","background-position":"center center","background-size":"auto","background-attachment":"scroll","background-type":"","background-media":"","overlay-type":"","overlay-color":"","overlay-opacity":"","overlay-gradient":""}},"footnotes":""},"class_list":["post-582","page","type-page","status-publish","hentry"],"_links":{"self":[{"href":"https:\/\/dominlyon.com\/index.php\/wp-json\/wp\/v2\/pages\/582","targetHints":{"allow":["GET"]}}],"collection":[{"href":"https:\/\/dominlyon.com\/index.php\/wp-json\/wp\/v2\/pages"}],"about":[{"href":"https:\/\/dominlyon.com\/index.php\/wp-json\/wp\/v2\/types\/page"}],"author":[{"embeddable":true,"href":"https:\/\/dominlyon.com\/index.php\/wp-json\/wp\/v2\/users\/1"}],"replies":[{"embeddable":true,"href":"https:\/\/dominlyon.com\/index.php\/wp-json\/wp\/v2\/comments?post=582"}],"version-history":[{"count":27,"href":"https:\/\/dominlyon.com\/index.php\/wp-json\/wp\/v2\/pages\/582\/revisions"}],"predecessor-version":[{"id":1549,"href":"https:\/\/dominlyon.com\/index.php\/wp-json\/wp\/v2\/pages\/582\/revisions\/1549"}],"wp:attachment":[{"href":"https:\/\/dominlyon.com\/index.php\/wp-json\/wp\/v2\/media?parent=582"}],"curies":[{"name":"wp","href":"https:\/\/api.w.org\/{rel}","templated":true}]}}